{"id":116,"date":"2025-08-15T04:31:18","date_gmt":"2025-08-15T04:31:18","guid":{"rendered":"https:\/\/pflege-nagorsen.de\/wordpress\/?page_id=116"},"modified":"2025-08-15T11:23:13","modified_gmt":"2025-08-15T11:23:13","slug":"elementor-seite-116","status":"publish","type":"page","link":"https:\/\/pflege-nagorsen.de\/index.php\/elementor-seite-116\/","title":{"rendered":"Impressum"},"content":{"rendered":"\t\t<div data-elementor-type=\"wp-page\" data-elementor-id=\"116\" class=\"elementor elementor-116\">\n\t\t\t\t\t\t<section class=\"elementor-section elementor-top-section elementor-element elementor-element-78ef59d elementor-section-boxed elementor-section-height-default elementor-section-height-default\" data-id=\"78ef59d\" data-element_type=\"section\">\n\t\t\t\t\t\t<div class=\"elementor-container elementor-column-gap-default\">\n\t\t\t\t\t<div class=\"elementor-column elementor-col-100 elementor-top-column elementor-element elementor-element-ab66db1\" data-id=\"ab66db1\" data-element_type=\"column\">\n\t\t\t<div class=\"elementor-widget-wrap elementor-element-populated\">\n\t\t\t\t\t\t<div class=\"elementor-element elementor-element-5fa17c6 elementor-widget elementor-widget-text-editor\" data-id=\"5fa17c6\" data-element_type=\"widget\" data-widget_type=\"text-editor.default\">\n\t\t\t\t<div class=\"elementor-widget-container\">\n\t\t\t\t\t\t\t\t\t<p style=\"caret-color: #ffffff; color: #ffffff; font-family: Roboto, sans-serif;\">Firmenname:Pflegedienst Nagorsen &amp; Co. GmbH<br>Anschrift:<br>Stockumer Str. 226<br>44225 Dortmund<br>Postfach:<br>50 05 25<br>44225 Dortmund<br>Telefon: 0231-7902100<br>Telefax: 0231-7902101<\/p>\n<p style=\"caret-color: #ffffff; color: #ffffff; font-family: Roboto, sans-serif;\">E-Mail: pflege.nagorsen@t-online.de<br>Internet: http:\/\/pflege-nagorsen.de<\/p>\n<p style=\"caret-color: #ffffff; color: #ffffff; font-family: Roboto, sans-serif;\">Gesch\u00e4ftsf\u00fchrer: Michael Krau\u00dfe<br>Inhaber: Michael Krau\u00dfe<br>Gesch\u00e4ftsf\u00fchrer: Michael Gro\u00df<br>Inhaber: Michael Gro\u00df<\/p>\n<p style=\"caret-color: #ffffff; color: #ffffff; font-family: Roboto, sans-serif;\">Pflegedienstleitung: Olga Lamanova<\/p>\n<p style=\"caret-color: #ffffff; color: #ffffff; font-family: Roboto, sans-serif;\">Rechtsform: GmbH<br>Kammer: IHK, Dortmund<br>Registerart: Handelsregister<br>Register \/ Ort: Amtsgericht Dortmund<br>Registernummer: HRB 25448<br>Umsatzsteuer ID: nicht vorhanden;<br>Zust\u00e4ndiges Finanzamt: Dortmund H\u00f6rde<br>Gerichtsstand: Amtsgericht Dortmund<\/p>\n<p style=\"caret-color: #ffffff; color: #ffffff; font-family: Roboto, sans-serif;\">Verantwortlich:<br>Inhaltlich Verantwortlicher gem. \u00a7 55 II RStV: Michael Krau\u00dfe<br>Technische Umsetzung:<br>bikedesign.de, Iserlohn<br>ralf@bikedesign.de<br>Design:<br>bikedesign.de, Iserlohn<br>ralf@bikedesign.de<\/p>\n<p style=\"caret-color: #ffffff; color: #ffffff; font-family: Roboto, sans-serif;\">Verwendetes Bildmaterial der Firmen adobe.de und der Webseite pixabay.de&nbsp;<\/p>\n<p style=\"caret-color: #ffffff; color: #ffffff; font-family: Roboto, sans-serif;\">Wir bedanken uns bei den pixabay usern geralt, estableman, zhivko, catcher. stevepb, moritz320, ivabalk, Ri_Ya<\/p>\n<p style=\"caret-color: #ffffff; color: #ffffff; font-family: Roboto, sans-serif;\">adobe: Robert Kneschke, Pixel-Shot, Friends Shot, Westside\/peopleimages.com, Viglietti\/peopleimages.com, chokniti, Julia Zavalishina<\/p>\n<p style=\"caret-color: #ffffff; color: #ffffff; font-family: Roboto, sans-serif;\">\n<\/p><p style=\"caret-color: #ffffff; color: #ffffff; font-family: Roboto, sans-serif;\">Hosting und Betreuung:<br>Host Europe GmbH, K\u00f6ln\u2028Unna Agentur, Unna\u2028info@unnaagentur.de<br>Informationspflicht \u00fcber Verbraucherschlichtung<br>Hinweis nach \u00a7 37 Verbraucherschlichtungsstelle (VSBG)<br>Bei Streitigkeiten mit dem Unternehmen Pflegedienst Nagorsen &amp; Co. GmbH w\u00e4re die Allgemeine Verbraucherschlichtungsstelle des Zentrums f\u00fcr Schlichtung e. V. zust\u00e4ndig. Das UnternehmenPflegedienst Nagorsen &amp; Co. GmbH lehnt die Teilnahme an einem Streitbeilegungsverfahren allerdings ab und ist dazu auch nicht verpflichtet.<br>Allgemeine Verbraucherschlichtungsstelle des Zentrums f\u00fcr Schlichtung e. V.<br>Stra\u00dfburger Str. 8 77694 Kehl Telefon: 07851-7957940<br>mail@verbraucher-schlichter.de https:\/\/www.verbraucher-schlichter.de<br>Weitere Informationen<br>zu diesem Thema stellt die Europ\u00e4ische Kommission unter&nbsp;http:\/\/ec.europa.eu\/consumers\/odr&nbsp;bereit.<br>Urheberrecht:<br>Das Copyright f\u00fcr Texte liegt, soweit nicht anders vermerkt, bei dem Betreiber dieser Webseite. Die auf der Webseiter zur Verf\u00fcgung gestellte Texte, Textteile, Grafiken, Tabellen oder Bildmaterialien d\u00fcrfen ohne vorherige Zustimmung des Betreibers dieser Seite nicht vervielf\u00e4ltigt, nicht verbreitet und nicht ausgestellt werden.<br>Bildrechte \/ Bildnachweise<br>Die Urheber-Informationen f\u00fcr die von uns verwendeten Bilder und Grafiken finden Sie in unserem dezidierten Bildnachweis.<br>Markennamen<br>Alle verwendeten und bzw. erw\u00e4hnten Markenamen und \u2013Bezeichnungen sowie alle abgebildeten Firmenlogos sind Eigentum der jeweiligen Markeninhaber. Eine etwaige Erw\u00e4hnung von Marken geschieht gutgl\u00e4ubig und ohne dadurch einen Anspruch ableiten zu wollen.<br>Werbe-Mails Widerspruch<br>Wir untersagen hiermit ausdr\u00fccklich der Nutzung der im Impressum ver\u00f6ffentlichten Kontaktdaten zur \u00dcbersendung von nicht ausdr\u00fccklich angeforderter Werbung und Informationsmaterialien. Im Falle der unverlangten Zusendung von Werbeinformationen, etwa durch Spam-E-Mails, halten sich die Betreiber der Webseiten rechtliche Schritte vor.<br>Haftungsausschluss \u2013 Disclaimer<br>Haftung f\u00fcr Inhalte<br>Die Inhalte dieser Seiten wurden mit gr\u00f6\u00dfter Sorgfalt erstellt. F\u00fcr die Richtigkeit, Vollst\u00e4ndigkeit und Aktualit\u00e4t der Inhalte k\u00f6nnen wir jedoch keine Gew\u00e4hr \u00fcbernehmen. Als Diensteanbieter sind wir gem\u00e4\u00df \u00a7 7 Abs.1 TMG f\u00fcr eigene Inhalte auf diesen Seiten nach den allgemeinen Gesetzen verantwortlich. Nach \u00a7\u00a7 8 bis 10 TMG sind wir als Diensteanbieter jedoch nicht verpflichtet, \u00fcbermittelte oder gespeicherte fremde Informationen zu \u00fcberwachen oder nach Umst\u00e4nden zu forschen, die auf eine rechtswidrige T\u00e4tigkeit hinweisen. Verpflichtungen zur Entfernung oder Sperrung der Nutzung von Informationen nach den allgemeinen Gesetzen bleiben hiervon unber\u00fchrt. Eine diesbez\u00fcgliche Haftung ist jedoch erst ab dem Zeitpunkt der Kenntnis einer konkreten Rechtsverletzung m\u00f6glich. Bei Bekanntwerden von entsprechenden Rechtsverletzungen werden wir diese Inhalte umgehend entfernen.<br>Soweit die auf diesen Seiten eingestellten Inhalte Rechtsvorschriften, amtliche Hinweise, Empfehlungen oder Ausk\u00fcnfte enthalten, sind sie nach bestem Wissen und unter Beachtung gr\u00f6\u00dftm\u00f6glicher Sorgfalt erstellt. Bei Unstimmigkeiten gilt jedoch ausschlie\u00dflich die aktuelle amtliche Fassung, wie sie im daf\u00fcr vorgesehenen amtlichen Verk\u00fcndungsorgan ver\u00f6ffentlicht ist. Etwaige rechtliche Hinweise, Empfehlungen und Ausk\u00fcnfte sind unverbindlich; eine Rechtsberatung findet nicht statt.<br>Haftung f\u00fcr Links<br>Unser Angebot enth\u00e4lt Links zu externen Webseiten Dritter, auf deren Inhalte wir keinen Einfluss haben. Deshalb k\u00f6nnen wir f\u00fcr diese fremden Inhalte auch keine Gew\u00e4hr \u00fcbernehmen. F\u00fcr die Inhalte der verlinkten Seiten ist stets der jeweilige Anbieter oder Betreiber der Seiten verantwortlich. Die verlinkten Seiten wurden zum Zeitpunkt der Verlinkung auf m\u00f6gliche Rechtsverst\u00f6\u00dfe \u00fcberpr\u00fcft. Rechtswidrige Inhalte waren zum Zeitpunkt der Verlinkung nicht erkennbar. Da der Inhalt von Internetseiten dynamisch ist und sich jederzeit \u00e4ndern kann, ist eine permanente inhaltliche Kontrolle der verlinkten Seiten ohne konkrete Anhaltspunkte einer Rechtsverletzung nicht zumutbar. Bei Bekanntwerden von Rechtsverletzungen werden wir derartige Links umgehend entfernen.<br>Rechtswirksamkeit dieses Haftungsausschlusses<br>Dieser Haftungsausschluss\/Disclaimer ist als Teil des Internetangebotes zu betrachten, von dem aus auf diese Seite verwiesen wurde. Sofern Teile oder einzelne Formulierungen dieses Textes der geltenden Rechtslage nicht, nicht mehr oder nicht vollst\u00e4ndig entsprechen sollten, bleiben die \u00fcbrigen Teile des Dokumentes in ihrem Inhalt und ihrer G\u00fcltigkeit davon unber\u00fchrt.<\/p>\t\t\t\t\t\t\t\t<\/div>\n\t\t\t\t<\/div>\n\t\t\t\t\t<\/div>\n\t\t<\/div>\n\t\t\t\t\t<\/div>\n\t\t<\/section>\n\t\t\t\t<\/div>\n\t\t","protected":false},"excerpt":{"rendered":"<p>Firmenname:Pflegedienst Nagorsen &amp; Co. GmbHAnschrift:Stockumer Str. 22644225 DortmundPostfach:50 05 2544225 DortmundTelefon: 0231-7902100Telefax: 0231-7902101 E-Mail: pflege.nagorsen@t-online.deInternet: http:\/\/pflege-nagorsen.de Gesch\u00e4ftsf\u00fchrer: Michael Krau\u00dfeInhaber: Michael Krau\u00dfeGesch\u00e4ftsf\u00fchrer: Michael [&hellip;]<\/p>\n","protected":false},"author":1,"featured_media":0,"parent":0,"menu_order":0,"comment_status":"closed","ping_status":"closed","template":"","meta":{"footnotes":""},"class_list":["post-116","page","type-page","status-publish","hentry"],"aioseo_notices":[],"_links":{"self":[{"href":"https:\/\/pflege-nagorsen.de\/index.php\/wp-json\/wp\/v2\/pages\/116","targetHints":{"allow":["GET"]}}],"collection":[{"href":"https:\/\/pflege-nagorsen.de\/index.php\/wp-json\/wp\/v2\/pages"}],"about":[{"href":"https:\/\/pflege-nagorsen.de\/index.php\/wp-json\/wp\/v2\/types\/page"}],"author":[{"embeddable":true,"href":"https:\/\/pflege-nagorsen.de\/index.php\/wp-json\/wp\/v2\/users\/1"}],"replies":[{"embeddable":true,"href":"https:\/\/pflege-nagorsen.de\/index.php\/wp-json\/wp\/v2\/comments?post=116"}],"version-history":[{"count":17,"href":"https:\/\/pflege-nagorsen.de\/index.php\/wp-json\/wp\/v2\/pages\/116\/revisions"}],"predecessor-version":[{"id":238,"href":"https:\/\/pflege-nagorsen.de\/index.php\/wp-json\/wp\/v2\/pages\/116\/revisions\/238"}],"wp:attachment":[{"href":"https:\/\/pflege-nagorsen.de\/index.php\/wp-json\/wp\/v2\/media?parent=116"}],"curies":[{"name":"wp","href":"https:\/\/api.w.org\/{rel}","templated":true}]}}