{"id":127,"date":"2025-08-15T05:18:06","date_gmt":"2025-08-15T05:18:06","guid":{"rendered":"https:\/\/pflege-nagorsen.de\/wordpress\/?page_id=127"},"modified":"2025-08-15T18:32:30","modified_gmt":"2025-08-15T18:32:30","slug":"unser-pflegekonzept","status":"publish","type":"page","link":"https:\/\/pflege-nagorsen.de\/index.php\/unser-pflegekonzept\/","title":{"rendered":"Unser Pflegekonzept"},"content":{"rendered":"\t\t<div data-elementor-type=\"wp-page\" data-elementor-id=\"127\" class=\"elementor elementor-127\">\n\t\t\t\t\t\t<section class=\"elementor-section elementor-top-section elementor-element elementor-element-a6f3285 elementor-section-boxed elementor-section-height-default elementor-section-height-default\" data-id=\"a6f3285\" data-element_type=\"section\">\n\t\t\t\t\t\t<div class=\"elementor-container elementor-column-gap-default\">\n\t\t\t\t\t<div class=\"elementor-column elementor-col-100 elementor-top-column elementor-element elementor-element-cc6feee\" data-id=\"cc6feee\" data-element_type=\"column\">\n\t\t\t<div class=\"elementor-widget-wrap elementor-element-populated\">\n\t\t\t\t\t\t<div class=\"elementor-element elementor-element-e83ee6c elementor-widget elementor-widget-image\" data-id=\"e83ee6c\" data-element_type=\"widget\" data-widget_type=\"image.default\">\n\t\t\t\t<div class=\"elementor-widget-container\">\n\t\t\t\t\t\t\t\t\t\t\t\t\t\t\t<img fetchpriority=\"high\" decoding=\"async\" width=\"1920\" height=\"1280\" src=\"https:\/\/pflege-nagorsen.de\/wp-content\/uploads\/2025\/08\/AdobeStock_577543140-1920px.jpg\" class=\"attachment-2048x2048 size-2048x2048 wp-image-18\" alt=\"\" srcset=\"https:\/\/pflege-nagorsen.de\/wp-content\/uploads\/2025\/08\/AdobeStock_577543140-1920px.jpg 1920w, https:\/\/pflege-nagorsen.de\/wp-content\/uploads\/2025\/08\/AdobeStock_577543140-1920px-300x200.jpg 300w, https:\/\/pflege-nagorsen.de\/wp-content\/uploads\/2025\/08\/AdobeStock_577543140-1920px-1024x683.jpg 1024w, https:\/\/pflege-nagorsen.de\/wp-content\/uploads\/2025\/08\/AdobeStock_577543140-1920px-768x512.jpg 768w, https:\/\/pflege-nagorsen.de\/wp-content\/uploads\/2025\/08\/AdobeStock_577543140-1920px-1536x1024.jpg 1536w, https:\/\/pflege-nagorsen.de\/wp-content\/uploads\/2025\/08\/AdobeStock_577543140-1920px-1000x667.jpg 1000w, https:\/\/pflege-nagorsen.de\/wp-content\/uploads\/2025\/08\/AdobeStock_577543140-1920px-230x153.jpg 230w, https:\/\/pflege-nagorsen.de\/wp-content\/uploads\/2025\/08\/AdobeStock_577543140-1920px-350x233.jpg 350w, https:\/\/pflege-nagorsen.de\/wp-content\/uploads\/2025\/08\/AdobeStock_577543140-1920px-480x320.jpg 480w\" sizes=\"(max-width: 1920px) 100vw, 1920px\" \/>\t\t\t\t\t\t\t\t\t\t\t\t\t\t\t<\/div>\n\t\t\t\t<\/div>\n\t\t\t\t\t<\/div>\n\t\t<\/div>\n\t\t\t\t\t<\/div>\n\t\t<\/section>\n\t\t\t\t<section class=\"elementor-section elementor-top-section elementor-element elementor-element-258344d elementor-section-boxed elementor-section-height-default elementor-section-height-default\" data-id=\"258344d\" data-element_type=\"section\">\n\t\t\t\t\t\t<div class=\"elementor-container elementor-column-gap-default\">\n\t\t\t\t\t<div class=\"elementor-column elementor-col-100 elementor-top-column elementor-element elementor-element-24b3fb5\" data-id=\"24b3fb5\" data-element_type=\"column\">\n\t\t\t<div class=\"elementor-widget-wrap elementor-element-populated\">\n\t\t\t\t\t\t<div class=\"elementor-element elementor-element-a23ebe4 elementor-widget elementor-widget-text-editor\" data-id=\"a23ebe4\" data-element_type=\"widget\" data-widget_type=\"text-editor.default\">\n\t\t\t\t<div class=\"elementor-widget-container\">\n\t\t\t\t\t\t\t\t\t<h4 style=\"color: rgb(255, 255, 255); caret-color: rgb(255, 255, 255);\">ZIEL UND AUFGABE DES PFLEGEDIENSTES:<\/h4><h4><p style=\"font-size: 16px; text-transform: none; caret-color: rgb(255, 255, 255); color: rgb(255, 255, 255); font-family: Roboto, sans-serif; font-weight: 500;\">Ziel und Aufgabe unseres Pflegedienstes ist die Pflege und Vermittlung hauswirtschaftlicher Versorgung alter, kranker und pflegebed\u00fcrftiger Menschen in ihrer h\u00e4uslichen Umgebung. Wir versorgen Pflegebed\u00fcrftige aller Altersgruppen. Schwerpunkte der pflegerischen Versorgung liegen im Bereich der Krankenpflege (SGB V) und der Pflege nach dem Pflegeversicherungsgesetz (SGB XI).<\/p><ul style=\"font-size: 16px; text-transform: none; caret-color: rgb(255, 255, 255); color: rgb(255, 255, 255); font-family: Roboto, sans-serif; font-weight: 500;\"><li>Weitere Ziele sind die Existenzsicherung der Pflegedienst Nagorsen &amp; Co. GmbH sowie aller Mitarbeiter, die Entwicklung eines kundenorientierten Unternehmens, sowie das Schaffen neuer Arbeitspl\u00e4tze.<\/li><li>Der F\u00fchrungsstil in unserem Unternehmen ist kooperativ. Die Mitarbeiter werden gegebenenfalls an Entscheidungsprozessen beteiligt.<\/li><\/ul><\/h4><h4 style=\"color: rgb(255, 255, 255); caret-color: rgb(255, 255, 255);\">UNSER MENSCHENBILD:<\/h4><h4><ul style=\"font-size: 16px; text-transform: none; caret-color: rgb(255, 255, 255); color: rgb(255, 255, 255); font-family: Roboto, sans-serif; font-weight: 500;\"><li>Wir legen in unserem Handeln Wert auf Zuverl\u00e4ssigkeit und Gerechtigkeit. Wir sehen den Menschen als Ganzheit von K\u00f6rper, Geist und Seele.<\/li><li>Wir sch\u00fctzen, bewahren und unterst\u00fctzen die uns anvertrauten Menschen und verhelfen ihnen zu gr\u00f6\u00dftm\u00f6glicher Selbst\u00e4ndigkeit und Gesundheit, nach dem Leistsatz:<br>&#8222;Soviel Selbst\u00e4ndigkeit wie m\u00f6glich, soviel Hilfe wie n\u00f6tig.&#8220;<\/li><\/ul><\/h4><h4 style=\"color: rgb(255, 255, 255); caret-color: rgb(255, 255, 255);\">F\u00dcR UNSERE PATIENTEN HEISST DAS<\/h4><h4><ul style=\"font-size: 16px; text-transform: none; caret-color: rgb(255, 255, 255); color: rgb(255, 255, 255); font-family: Roboto, sans-serif; font-weight: 500;\"><li>Verk\u00fcrzung von Krankenhausaufenthalten<\/li><li>Vermeidung von Alten- oder Pflegeheimaufenthalten, d.h. sie k\u00f6nnen weiter in ihrer vertrauten Umgebung bleiben.<\/li><li>Entlastung von Angeh\u00f6rigen<\/li><li>F\u00f6rderung der Gesundheit<\/li><li>Erhaltung einer vorhandenen Selbstversorgungsf\u00e4higkeit<\/li><li>Reaktivierung verlorengegangener Selbstversorgungsf\u00e4higkeit<\/li><li>Zufriedenheit<\/li><li>Verbesserung der Kommunikation<\/li><li>Verh\u00fcten von Krankheiten u. Komplikationen durch aktivierende Pflegedienst Nagorsen<\/li><li>Linderung von Leiden<\/li><li>Geistig und seelisch Behinderte, psychisch kranke und geistig verwirrte Menschen finden sich in ihrer vertrauten Umgebung auch zeitlich zurecht<\/li><\/ul><\/h4><ul><li>\n<\/li>\n<\/ul>\t\t\t\t\t\t\t\t<\/div>\n\t\t\t\t<\/div>\n\t\t\t\t\t<\/div>\n\t\t<\/div>\n\t\t\t\t\t<\/div>\n\t\t<\/section>\n\t\t\t\t<\/div>\n\t\t","protected":false},"excerpt":{"rendered":"<p>ZIEL UND AUFGABE DES PFLEGEDIENSTES: Ziel und Aufgabe unseres Pflegedienstes ist die Pflege und Vermittlung hauswirtschaftlicher Versorgung alter, kranker und pflegebed\u00fcrftiger Menschen [&hellip;]<\/p>\n","protected":false},"author":1,"featured_media":0,"parent":0,"menu_order":0,"comment_status":"closed","ping_status":"closed","template":"","meta":{"footnotes":""},"class_list":["post-127","page","type-page","status-publish","hentry"],"aioseo_notices":[],"_links":{"self":[{"href":"https:\/\/pflege-nagorsen.de\/index.php\/wp-json\/wp\/v2\/pages\/127","targetHints":{"allow":["GET"]}}],"collection":[{"href":"https:\/\/pflege-nagorsen.de\/index.php\/wp-json\/wp\/v2\/pages"}],"about":[{"href":"https:\/\/pflege-nagorsen.de\/index.php\/wp-json\/wp\/v2\/types\/page"}],"author":[{"embeddable":true,"href":"https:\/\/pflege-nagorsen.de\/index.php\/wp-json\/wp\/v2\/users\/1"}],"replies":[{"embeddable":true,"href":"https:\/\/pflege-nagorsen.de\/index.php\/wp-json\/wp\/v2\/comments?post=127"}],"version-history":[{"count":7,"href":"https:\/\/pflege-nagorsen.de\/index.php\/wp-json\/wp\/v2\/pages\/127\/revisions"}],"predecessor-version":[{"id":262,"href":"https:\/\/pflege-nagorsen.de\/index.php\/wp-json\/wp\/v2\/pages\/127\/revisions\/262"}],"wp:attachment":[{"href":"https:\/\/pflege-nagorsen.de\/index.php\/wp-json\/wp\/v2\/media?parent=127"}],"curies":[{"name":"wp","href":"https:\/\/api.w.org\/{rel}","templated":true}]}}