{"id":207,"date":"2025-08-15T10:07:29","date_gmt":"2025-08-15T10:07:29","guid":{"rendered":"https:\/\/pflege-nagorsen.de\/wordpress\/?page_id=207"},"modified":"2025-08-15T18:31:45","modified_gmt":"2025-08-15T18:31:45","slug":"struktureller-aufbau","status":"publish","type":"page","link":"https:\/\/pflege-nagorsen.de\/index.php\/struktureller-aufbau\/","title":{"rendered":"Struktureller Aufbau"},"content":{"rendered":"\t\t<div data-elementor-type=\"wp-post\" data-elementor-id=\"207\" class=\"elementor elementor-207\">\n\t\t\t\t\t\t<section class=\"elementor-section elementor-top-section elementor-element elementor-element-71ad1ed elementor-section-boxed elementor-section-height-default elementor-section-height-default\" data-id=\"71ad1ed\" data-element_type=\"section\">\n\t\t\t\t\t\t<div class=\"elementor-container elementor-column-gap-default\">\n\t\t\t\t\t<div class=\"elementor-column elementor-col-100 elementor-top-column elementor-element elementor-element-db50b70\" data-id=\"db50b70\" data-element_type=\"column\">\n\t\t\t<div class=\"elementor-widget-wrap elementor-element-populated\">\n\t\t\t\t\t\t<div class=\"elementor-element elementor-element-7607547 elementor-widget elementor-widget-image\" data-id=\"7607547\" data-element_type=\"widget\" data-widget_type=\"image.default\">\n\t\t\t\t<div class=\"elementor-widget-container\">\n\t\t\t\t\t\t\t\t\t\t\t\t\t\t\t<img fetchpriority=\"high\" decoding=\"async\" width=\"1920\" height=\"1280\" src=\"https:\/\/pflege-nagorsen.de\/wp-content\/uploads\/2025\/08\/AdobeStock_800936286-1920px.jpg\" class=\"attachment-2048x2048 size-2048x2048 wp-image-19\" alt=\"\" srcset=\"https:\/\/pflege-nagorsen.de\/wp-content\/uploads\/2025\/08\/AdobeStock_800936286-1920px.jpg 1920w, https:\/\/pflege-nagorsen.de\/wp-content\/uploads\/2025\/08\/AdobeStock_800936286-1920px-300x200.jpg 300w, https:\/\/pflege-nagorsen.de\/wp-content\/uploads\/2025\/08\/AdobeStock_800936286-1920px-1024x683.jpg 1024w, https:\/\/pflege-nagorsen.de\/wp-content\/uploads\/2025\/08\/AdobeStock_800936286-1920px-768x512.jpg 768w, https:\/\/pflege-nagorsen.de\/wp-content\/uploads\/2025\/08\/AdobeStock_800936286-1920px-1536x1024.jpg 1536w, https:\/\/pflege-nagorsen.de\/wp-content\/uploads\/2025\/08\/AdobeStock_800936286-1920px-1000x667.jpg 1000w, https:\/\/pflege-nagorsen.de\/wp-content\/uploads\/2025\/08\/AdobeStock_800936286-1920px-230x153.jpg 230w, https:\/\/pflege-nagorsen.de\/wp-content\/uploads\/2025\/08\/AdobeStock_800936286-1920px-350x233.jpg 350w, https:\/\/pflege-nagorsen.de\/wp-content\/uploads\/2025\/08\/AdobeStock_800936286-1920px-480x320.jpg 480w\" sizes=\"(max-width: 1920px) 100vw, 1920px\" \/>\t\t\t\t\t\t\t\t\t\t\t\t\t\t\t<\/div>\n\t\t\t\t<\/div>\n\t\t\t\t\t<\/div>\n\t\t<\/div>\n\t\t\t\t\t<\/div>\n\t\t<\/section>\n\t\t\t\t<section class=\"elementor-section elementor-top-section elementor-element elementor-element-8c144e9 elementor-section-boxed elementor-section-height-default elementor-section-height-default\" data-id=\"8c144e9\" data-element_type=\"section\">\n\t\t\t\t\t\t<div class=\"elementor-container elementor-column-gap-default\">\n\t\t\t\t\t<div class=\"elementor-column elementor-col-100 elementor-top-column elementor-element elementor-element-a30d0b9\" data-id=\"a30d0b9\" data-element_type=\"column\">\n\t\t\t<div class=\"elementor-widget-wrap elementor-element-populated\">\n\t\t\t\t\t\t<div class=\"elementor-element elementor-element-fbe2b1f elementor-widget elementor-widget-text-editor\" data-id=\"fbe2b1f\" data-element_type=\"widget\" data-widget_type=\"text-editor.default\">\n\t\t\t\t<div class=\"elementor-widget-container\">\n\t\t\t\t\t\t\t\t\t<h4 style=\"caret-color: #ffffff;\">24 STUNDEN BEREITSCHAFT:<\/h4><ul style=\"caret-color: #ffffff; color: #ffffff; font-family: Roboto, sans-serif;\"><li>Unser Pflegedienst garantiert eine ausreichende, gleichm\u00e4\u00dfige und konstante Versorgung der betreuten Patienten entsprechend ihres pflegerischen Bedarfs und ihrer individuellen Bed\u00fcrfnisse.<\/li><li>Die Versorgung der Patienten ist entsprechend der gesetzlichen Bestimmungen durch einen 24 Stunden Bereitschaftsdienst sichergestellt.<\/li><\/ul><h4 style=\"caret-color: #ffffff;\">GESCH\u00c4FTSZEITEN UND ERREICHBARKEIT:<\/h4><ul style=\"caret-color: #ffffff; color: #ffffff; font-family: Roboto, sans-serif;\"><li>Unsere B\u00fcrozeiten sind von Montag &#8211; Freitag 9:00 &#8211; 14.00 Uhr.<\/li><li>Unter der Telefonnummer: 0231-7902100 sind wir rund um die Uhr erreichbar.<\/li><\/ul><h4 style=\"caret-color: #ffffff;\">QUALIFIKATION DER VERANTWORTLICHEN PFLEGEFACHKRAFT:<\/h4><ul style=\"caret-color: #ffffff; color: #ffffff; font-family: Roboto, sans-serif;\"><li>Die Pflege unterliegt der st\u00e4ndigen Kontrolle und Verantwortung unserer Pflegedienstleitung Olga Lamanova. Als examinierte Krankenschwester verf\u00fcgt sie \u00fcber alle leistungsbezogenen Fachweiterbildungen.<\/li><li><p style=\"font-weight: 400;\">Herr Michael Krau\u00dfe, als examinierter Altenpfleger und Fachwirt im Sozial- und Gesundheitswesen ist der Stellvertreter.<\/p><\/li><\/ul><h4 style=\"caret-color: #ffffff;\">AUFGABEN DER PFLEGEDIENSTLEITUNG UND IHRER STELLVERTRETUNG SIND:<\/h4><ul style=\"caret-color: #ffffff; color: #ffffff; font-family: Roboto, sans-serif;\"><li>Fachliche Planung und \u00dcberwachung der Pflegeprozesse<\/li><li>\u00dcberwachung der fachgerechten F\u00fchrung der Pflegedokumentation<\/li><li>Dienst- und Einsatzplanung entsprechend der individuellen Anforderungen der Patienten und der W\u00fcnsche der Mitarbeiter<\/li><li>Erstgespr\u00e4che der Patienten<\/li><li>Betriebswirtschaftliche Aufgaben<\/li><\/ul><h4 style=\"caret-color: #ffffff;\">PERSONALVORHALTUNG, QUALIFIKATION DER MITARBEITER:<\/h4><ul style=\"caret-color: #ffffff; color: #ffffff; font-family: Roboto, sans-serif;\"><li>Wir legen bei der Auswahl der Mitarbeiter gr\u00f6\u00dften Wert auf fachliche und menschliche Qualifikation, soziale Kompetenz und Teamf\u00e4higkeit. Die Aufgaben und Kompetenzen der Mitarbeiter sind in den Stellenbeschreibungen geregelt.<\/li><li>Aufgrund der Personalstruktur ist es m\u00f6glich, eine kompetente und bedarfsgerechte Pflege nach anerkannten pflegewissenschaftlichen Kenntnissen zu erbringen.<\/li><\/ul>\t\t\t\t\t\t\t\t<\/div>\n\t\t\t\t<\/div>\n\t\t\t\t\t<\/div>\n\t\t<\/div>\n\t\t\t\t\t<\/div>\n\t\t<\/section>\n\t\t\t\t<\/div>\n\t\t","protected":false},"excerpt":{"rendered":"<p>24 STUNDEN BEREITSCHAFT: Unser Pflegedienst garantiert eine ausreichende, gleichm\u00e4\u00dfige und konstante Versorgung der betreuten Patienten entsprechend ihres pflegerischen Bedarfs und ihrer individuellen [&hellip;]<\/p>\n","protected":false},"author":1,"featured_media":0,"parent":0,"menu_order":0,"comment_status":"closed","ping_status":"closed","template":"","meta":{"footnotes":""},"class_list":["post-207","page","type-page","status-publish","hentry"],"aioseo_notices":[],"_links":{"self":[{"href":"https:\/\/pflege-nagorsen.de\/index.php\/wp-json\/wp\/v2\/pages\/207","targetHints":{"allow":["GET"]}}],"collection":[{"href":"https:\/\/pflege-nagorsen.de\/index.php\/wp-json\/wp\/v2\/pages"}],"about":[{"href":"https:\/\/pflege-nagorsen.de\/index.php\/wp-json\/wp\/v2\/types\/page"}],"author":[{"embeddable":true,"href":"https:\/\/pflege-nagorsen.de\/index.php\/wp-json\/wp\/v2\/users\/1"}],"replies":[{"embeddable":true,"href":"https:\/\/pflege-nagorsen.de\/index.php\/wp-json\/wp\/v2\/comments?post=207"}],"version-history":[{"count":10,"href":"https:\/\/pflege-nagorsen.de\/index.php\/wp-json\/wp\/v2\/pages\/207\/revisions"}],"predecessor-version":[{"id":259,"href":"https:\/\/pflege-nagorsen.de\/index.php\/wp-json\/wp\/v2\/pages\/207\/revisions\/259"}],"wp:attachment":[{"href":"https:\/\/pflege-nagorsen.de\/index.php\/wp-json\/wp\/v2\/media?parent=207"}],"curies":[{"name":"wp","href":"https:\/\/api.w.org\/{rel}","templated":true}]}}