{"id":98,"date":"2025-08-15T04:04:36","date_gmt":"2025-08-15T04:04:36","guid":{"rendered":"https:\/\/pflege-nagorsen.de\/wordpress\/?page_id=98"},"modified":"2025-08-15T09:54:43","modified_gmt":"2025-08-15T09:54:43","slug":"datenschutzerklaerung","status":"publish","type":"page","link":"https:\/\/pflege-nagorsen.de\/index.php\/datenschutzerklaerung\/","title":{"rendered":"Datenschutzerkl\u00e4rung"},"content":{"rendered":"\t\t<div data-elementor-type=\"wp-page\" data-elementor-id=\"98\" class=\"elementor elementor-98\">\n\t\t\t\t\t\t<section class=\"elementor-section elementor-top-section elementor-element elementor-element-e8f214d elementor-section-boxed elementor-section-height-default elementor-section-height-default\" data-id=\"e8f214d\" data-element_type=\"section\">\n\t\t\t\t\t\t<div class=\"elementor-container elementor-column-gap-default\">\n\t\t\t\t\t<div class=\"elementor-column elementor-col-100 elementor-top-column elementor-element elementor-element-b2352e5\" data-id=\"b2352e5\" data-element_type=\"column\">\n\t\t\t<div class=\"elementor-widget-wrap elementor-element-populated\">\n\t\t\t\t\t\t<div class=\"elementor-element elementor-element-29e8fd4 elementor-widget elementor-widget-text-editor\" data-id=\"29e8fd4\" data-element_type=\"widget\" data-widget_type=\"text-editor.default\">\n\t\t\t\t<div class=\"elementor-widget-container\">\n\t\t\t\t\t\t\t\t\t<h4 style=\"caret-color: rgb(255, 255, 255);\">ALLGEMEIN<\/h4><h4><p style=\"font-size: 16px; text-transform: none; font-family: Roboto, sans-serif; font-weight: 500;\">Wir freuen uns \u00fcber Ihr Interesse an unserem Unternehmen. Der Schutz Ihrer Privatsph\u00e4re bei der Nutzung dieser Webseite ist uns Wichtig. Diese Datenschutzerkl\u00e4rung soll Sie als Nutzer dieser Website gem\u00e4\u00df Bundesdatenschutzgesetz (BDSG) sowie der EU-Datenschutz-Grundverordnung (EU-DSGVO) \u00fcber die Art, den Umfang und den Zweck der Erhebung und Verwendung anonymer und personenbezogener Daten durch uns informieren.<\/p><p style=\"font-size: 16px; text-transform: none; font-family: Roboto, sans-serif; font-weight: 500;\">Diese Webseite hat in erster Linie den Zweck, Sie \u00fcber unsere T\u00e4tigkeit und unser Unternehmen zu informieren. Die Nutzung ist ohne Angabe personenbezogener Daten m\u00f6glich. Soweit auf dieser Seite, durch elektronische \u00dcbertragungen wie z. B. durch E-Mails, personenbezogene Daten (Name, Anschrift oder E-Mail-Adresse) erhoben werden, erfolgt dies stets auf freiwilliger Basis.<\/p><p style=\"font-size: 16px; text-transform: none; font-family: Roboto, sans-serif; font-weight: 500;\">Sollten eine oder mehrere dieser Regelungen ung\u00fcltig sein, so werden alle anderen nicht in Ihrer Wirksamkeit ber\u00fchrt. An Stelle der unwirksamen Regelung tritt die Regelung, die dem Sinn der urspr\u00fcnglichen Regelung am n\u00e4chsten kommt.<\/p><\/h4><h4 style=\"caret-color: rgb(255, 255, 255);\">UMGANG MIT PERSONENBEZOGENEN DATEN<\/h4><h4><p style=\"font-size: 16px; text-transform: none; font-family: Roboto, sans-serif; font-weight: 500;\">Wir beachten den Grundsatz der zweckgebundenen Daten-Verwendung und erheben, verarbeiten und speichern Ihre personenbezogenen Daten nur f\u00fcr die Zwecke, f\u00fcr die Sie sie uns mitgeteilt haben. Eine Weitergabe Ihrer pers\u00f6nlichen Daten an Dritte erfolgt ohne Ihre ausdr\u00fcckliche Einwilligung nicht, sofern dies nicht zur Erbringung der Dienstleistung oder zur Vertragsdurchf\u00fchrung notwendig ist. Auch die \u00dcbermittlung an auskunftsberechtigte staatliche Institution und Beh\u00f6rden erfolgt nur im Rahmen der gesetzlichen Auskunftspflichten oder wenn wir durch eine gerichtliche Entscheidung zur Auskunft verpflichtet werden.<\/p><\/h4><h4 style=\"caret-color: rgb(255, 255, 255);\">UMGANG MIT KONTAKTDATEN<\/h4><h4><p style=\"font-size: 16px; text-transform: none; font-family: Roboto, sans-serif; font-weight: 500;\">Nehmen Sie mit uns durch die angebotenen Kontaktm\u00f6glichkeiten Verbindung auf, werden Ihre Angaben gespeichert, damit auf diese zur Bearbeitung und Beantwortung Ihrer Anfrage zur\u00fcckgegriffen werden kann. Ohne Ihre Einwilligung werden diese Daten nicht an Dritte weitergegeben.<\/p><\/h4><h4 style=\"caret-color: rgb(255, 255, 255);\">GESCH\u00c4FTSBEZOGENE VERARBEITUNG<\/h4><h4><p style=\"font-size: 16px; text-transform: none; font-family: Roboto, sans-serif; font-weight: 500;\">Bei bestehenden oder neuen Gesch\u00e4ftsbeziehungen, von Kunden, Interessenten und Gesch\u00e4ftspartner, die eine freiwillige elektronische \u00dcbermittlung von Daten \u00fcber das Kontaktformular vornehmen, verarbeiten wir folgende Daten:<\/p><ul style=\"font-size: 16px; text-transform: none; font-family: Roboto, sans-serif; font-weight: 500;\"><li>Vertragsdaten (z.B., Vertragsgegenstand, Laufzeit, Kundenkategorie)<\/li><li>Zahlungsdaten (z.B., Bankverbindung, Zahlungshistorie)<\/li><li>Auftragsdaten (z.B., Lieferdaten, Angebots-, Auftrags-, und Abwicklungsdaten)<\/li><\/ul><p style=\"font-size: 16px; text-transform: none; font-family: Roboto, sans-serif; font-weight: 500;\">Der Zweck dient der Erbringung vertraglicher Leistungen, Service und Kundenpflege.<\/p><\/h4><h4 style=\"caret-color: rgb(255, 255, 255);\">HINWEIS ZUM KONTAKTFORMULAR<\/h4><h4><p style=\"font-size: 16px; text-transform: none; font-family: Roboto, sans-serif; font-weight: 500;\">Wir weisen darauf hin, dass die Daten\u00fcbertragung im Internet (z.B. bei der Kommunikation per E-Mail) Sicherheitsl\u00fccken aufweisen kann. Bei Versendung von sehr sensiblen Daten oder Informationen ist es empfehlenswert, den Postweg zu nutzen, da eine vollst\u00e4ndige Datensicherheit per E-Mail nicht gew\u00e4hrleistet werden kann. Das hei\u00dft: Ein l\u00fcckenloser Schutz der Daten vor dem Zugriff durch Dritte ist nicht m\u00f6glich.<\/p><\/h4><h4 style=\"caret-color: rgb(255, 255, 255);\">RECHTE DES NUTZERS: AUSKUNFT, BERICHTIGUNG UND L\u00d6SCHUNG<\/h4><h4><p style=\"font-size: 16px; text-transform: none; font-family: Roboto, sans-serif; font-weight: 500;\">Sie als Nutzer erhalten auf Antrag Ihrerseits kostenlose Auskunft dar\u00fcber, welche personenbezogenen Daten \u00fcber Sie gespeichert wurden. Sofern Ihr Wunsch nicht mit einer gesetzlichen Pflicht zur Aufbewahrung von Daten (z. B. Vorratsdatenspeicherung) kollidiert, haben Sie ein Anrecht auf Berichtigung falscher Daten und auf die Sperrung oder L\u00f6schung Ihrer personenbezogenen Daten. Hierzu, sowie zu weiteren Fragen zum Thema personenbezogene Daten, k\u00f6nnen Sie sich jederzeit \u00fcber die im Impressum angegeben Adresse an uns wenden.<\/p><\/h4><h4 style=\"caret-color: rgb(255, 255, 255);\">ZUGRIFFSDATEN WEBSEITE<\/h4><h4><p style=\"font-size: 16px; text-transform: none; font-family: Roboto, sans-serif; font-weight: 500;\">Wenn Sie unseren Webauftritt besuchen speichert unser Webserver in Deutschland standardm\u00e4\u00dfig sogenannte Server-Log Files, die von Ihrem Browser an uns \u00fcbermittelt werden. Diese Daten enthalten:<\/p><ul style=\"font-size: 16px; text-transform: none; font-family: Roboto, sans-serif; font-weight: 500;\"><li>Browsertyp\/ Browserversion<\/li><li>Betriebssystem des Rechners<\/li><li>Referrer URL<\/li><li>Hostname des zugreifenden Rechners<\/li><li>Uhrzeit der Serveranfrage<\/li><\/ul><p style=\"font-size: 16px; text-transform: none; font-family: Roboto, sans-serif; font-weight: 500;\">Diese Daten sind nicht personenbezogen und es erfolgt auch keine Zusammenf\u00fchrung dieser Daten mit anderen Datenquellen. Logfile-Informationen werden aus Sicherheitsgr\u00fcnden (z.B. zur Aufkl\u00e4rung von Missbrauchs- oder Betrugshandlungen) f\u00fcr die Dauer von maximal 7 Tagen gespeichert und danach gel\u00f6scht. Daten, deren weitere Aufbewahrung zu Beweiszwecken erforderlich ist, sind bis zur endg\u00fcltigen Kl\u00e4rung des jeweiligen Vorfalls von der L\u00f6schung ausgenommen.<\/p><\/h4><h4 style=\"caret-color: rgb(255, 255, 255);\">\u201eDO NOT TRACK\u201c-EINSTELLUNGEN<\/h4><h4><p style=\"font-size: 16px; text-transform: none; font-family: Roboto, sans-serif; font-weight: 500;\">Mit der Do not track-Einstellung k\u00f6nnen Besucher von Websites die Nachverfolgung Ihrer Besuche ablehnen, unabh\u00e4ngig davon, wof\u00fcr dies geschehen soll (z. B. f\u00fcr Analysezwecke, Werbenetze oder soziale Plattformen). Do not track-Optionen werden von einer Reihe von Browsern angeboten, unter anderem:<\/p><p style=\"font-size: 16px; text-transform: none; font-family: Roboto, sans-serif; font-weight: 500;\">Firefox<\/p><p style=\"font-size: 16px; text-transform: none; font-family: Roboto, sans-serif; font-weight: 500;\"><a href=\"https:\/\/support.mozilla.org\/en-US\/kb\/how-do-i-turn-do-not-track-feature\" target=\"_blank\" rel=\"noopener\" style=\"transition-property: all; color: rgb(255, 255, 255);\">https:\/\/support.mozilla.org\/en-US\/kb\/how-do-i-turn-do-not-track-feature<\/a><\/p><p style=\"font-size: 16px; text-transform: none; font-family: Roboto, sans-serif; font-weight: 500;\">Internet Explorer<\/p><p style=\"font-size: 16px; text-transform: none; font-family: Roboto, sans-serif; font-weight: 500;\"><a href=\"https:\/\/support.microsoft.com\/de-de\/products\/internet-explorer#ie=ie-11\" target=\"_blank\" rel=\"noopener\" style=\"transition-property: all; color: rgb(255, 255, 255);\">https:\/\/support.microsoft.com\/de-de\/products\/internet-explorer#ie=ie-11<\/a><\/p><p style=\"font-size: 16px; text-transform: none; font-family: Roboto, sans-serif; font-weight: 500;\">Chrome<\/p><p style=\"font-size: 16px; text-transform: none; font-family: Roboto, sans-serif; font-weight: 500;\"><a href=\"https:\/\/support.google.com\/chrome\/answer\/114836?hl=en&amp;ref_topic=3421433\" target=\"_blank\" rel=\"noopener\" style=\"transition-property: all; color: rgb(255, 255, 255);\">https:\/\/support.google.com\/chrome\/answer\/114836?hl=en&amp;ref_topic=3421433<\/a><\/p><p style=\"font-size: 16px; text-transform: none; font-family: Roboto, sans-serif; font-weight: 500;\">Opera<\/p><p style=\"font-size: 16px; text-transform: none; font-family: Roboto, sans-serif; font-weight: 500;\"><a href=\"http:\/\/help.opera.com\/Windows\/12.10\/en\/notrack.html\" target=\"_blank\" rel=\"noopener\" style=\"transition-property: all; color: rgb(255, 255, 255);\">http:\/\/help.opera.com\/Windows\/12.10\/en\/notrack.html<\/a><\/p><\/h4><h4 style=\"caret-color: rgb(255, 255, 255);\">COOKIES<\/h4><h4><p style=\"font-size: 16px; text-transform: none; font-family: Roboto, sans-serif; font-weight: 500;\">Auf einigen unserer Seiten verwenden wir sog. \u201eSession-Cookies\u201c, um Ihnen die Nutzung unserer Webseiten zu erleichtern. Dabei handelt es sich um kleine Textdateien, die nur f\u00fcr die Dauer Ihres Besuchs unserer Webseite auf Ihrer Festplatte hinterlegt und abh\u00e4ngig von der Einstellung Ihres Browser-Programms beim Beenden des Browsers wieder gel\u00f6scht werden. Diese Cookies rufen keine auf Ihrer Festplatte \u00fcber Sie gespeicherten Informationen ab und beeintr\u00e4chtigen nicht Ihren PC oder ihre Dateien. Die meisten Browser sind so eingestellt, dass sie Cookies automatisch akzeptieren. Sie k\u00f6nnen das Speichern von Cookies jedoch deaktivieren oder ihren Browser so einstellen, dass er Sie auf die Sendung von Cookies hinweist. Wenn Sie keine Cookies akzeptieren, kann dieses aber zu Funktionseinschr\u00e4nkungen unserer Webseite f\u00fchren. Cookies jedoch deaktivieren oder ihren Browser so einstellen, dass er Sie auf die Sendung von Cookies hinweist. Wenn Sie keine Cookies akzeptieren, kann dieses aber zu Funktionseinschr\u00e4nkungen unserer Webseite f\u00fchren.<\/p><\/h4><h4 style=\"caret-color: rgb(255, 255, 255);\">YOUTUBE-COOKIES<\/h4><h4><p style=\"font-size: 16px; text-transform: none; font-family: Roboto, sans-serif; font-weight: 500;\">Wenn Sie auf unserer Website ein Video ansehen m\u00f6chten, werden Sie in einer Meldung darauf hingewiesen, dass Sie hierf\u00fcr die YouTube-Cookies akzeptieren m\u00fcssen. YouTube hat seine eigenen Cookie- und Datenschutzrichtlinien, \u00fcber die wir keine Kontrolle haben.<\/p><p style=\"font-size: 16px; text-transform: none; font-family: Roboto, sans-serif; font-weight: 500;\">Die Datenschutzrichtlinien f\u00fcr YouTube-Cookies finden Sie unter:&nbsp;<a href=\"https:\/\/policies.google.com\/privacy?hl=de&amp;gl=de\" target=\"_blank\" rel=\"noopener\" style=\"transition-property: all; color: rgb(255, 255, 255);\">https:\/\/policies.google.com\/privacy?hl=de&amp;gl=de<\/a><\/p><\/h4><h4 style=\"caret-color: rgb(255, 255, 255);\">SOZIALE NETZWERKE \/ PLUG-INS<\/h4><h4><p style=\"font-size: 16px; text-transform: none; font-family: Roboto, sans-serif; font-weight: 500;\">Aus Gr\u00fcnden des Datenschutzes binden wir keine Webanalysedienste direkt in unseren Webauftritt ein. Wenn Sie unsere Seiten aufrufen, werden daher keine Daten an Social Media-Dienste, wie etwa Facebook, Twitter, XING oder Google+ \u00fcbermittelt. Eine Profilbildung durch Dritte ist somit ausgeschlossen.<\/p><\/h4><h4 style=\"caret-color: rgb(255, 255, 255);\">WEBANALYSEDIENST<\/h4><h4><p style=\"font-size: 16px; text-transform: none; font-family: Roboto, sans-serif; font-weight: 500;\">Aus Gr\u00fcnden des Datenschutzes nutzen wir keine Webanalysedienst f\u00fcr unseren Webauftritt.<\/p><\/h4><h4 style=\"caret-color: rgb(255, 255, 255);\">VERWENDUNG VON GOOGLE MAPS<\/h4><h4><p style=\"font-size: 16px; text-transform: none; font-family: Roboto, sans-serif; font-weight: 500;\">Diese Webseite verwendet die Google Maps API, um geographische Informationen visuell darzustellen. Bei der Nutzung von Google Maps werden von Google (Google Inc., 1600 Amphitheatre Parkway, Mountain View, California, 94043) auch Daten \u00fcber die Nutzung der Maps-Funktionen durch Besucher der Webseiten erhoben, verarbeitet und genutzt. N\u00e4here Informationen \u00fcber die Datenverarbeitung durch Google k\u00f6nnen Sie den Datenschutzhinweisen von Google entnehmen:&nbsp;<a href=\"https:\/\/policies.google.com\/privacy?hl=de\" target=\"_blank\" rel=\"noopener\" style=\"transition-property: all;\">https:\/\/policies.google.com\/privacy?hl=de<\/a><\/p><\/h4><h2 style=\"caret-color: rgb(255, 255, 255);\">\u00c4NDERUNGEN<\/h2><h4><p style=\"font-size: 16px; text-transform: none; font-family: Roboto, sans-serif; font-weight: 500;\">Wir werden diese Richtlinien zum Schutz Ihrer pers\u00f6nlichen Daten von Zeit zu Zeit aktualisieren. Sie sollten sich diese Richtlinien gelegentlich ansehen, um auf dem Laufenden dar\u00fcber zu bleiben, wie wir Ihre Daten sch\u00fctzen und die Inhalte unserer Website stetig verbessern. Sollten wir wesentliche \u00c4nderungen bei der Sammlung, der Nutzung und\/oder der Weitergabe der uns von Ihnen zur Verf\u00fcgung gestellten personenbezogenen Daten vornehmen, werden wir Sie durch einen eindeutigen und gut sichtbaren Hinweis auf der Website darauf aufmerksam machen. Mit der Nutzung der Webseite erkl\u00e4ren Sie sich mit den Bedingungen dieser Richtlinien zum Schutz pers\u00f6nlicher Daten einverstanden.<\/p><\/h4><h4 style=\"caret-color: rgb(255, 255, 255);\">AUFSICHTSBEH\u00d6RDEN \/BESCHWERDESTELLEN<\/h4><h4 style=\"caret-color: rgb(255, 255, 255);\">AUFSICHTSBEH\u00d6RDE DATENSCHUTZ NRW<\/h4><h4><p style=\"font-size: 16px; text-transform: none; font-family: Roboto, sans-serif; font-weight: 500;\">Landesbeauftragte f\u00fcr Datenschutz und Informationsfreiheit Nordrhein-Westfalen<br>Kavalleriestr. 2-4<br>40213 D\u00fcsseldorf<br>Telefon: 0211\/38424-0<br>E-Mail:&nbsp;<a href=\"mailto:poststelle@ldi.nrw.de\" style=\"transition-property: all; color: rgb(255, 255, 255);\">poststelle@ldi.nrw.de<\/a><br>Web:&nbsp;<a href=\"https:\/\/www.ldi.nrw.de\/\" target=\"_blank\" rel=\"noopener\" style=\"transition-property: all; color: rgb(255, 255, 255);\">https:\/\/www.ldi.nrw.de<\/a><\/p><\/h4><h4 style=\"caret-color: rgb(255, 255, 255);\">AUSSICHTSBEH\u00d6RDE BUND<\/h4><h4><p style=\"font-size: 16px; text-transform: none; font-family: Roboto, sans-serif; font-weight: 500;\">Die Bundesbeauftragte f\u00fcr den Datenschutz und die Informationsfreiheit<br>Husarenstr. 30<br>53117 Bonn<br>Telefon: +49 (0)228 997799-0<br>Fax: +49 (0)228 997799-5550<br>E-Mail:&nbsp;<a href=\"mailto:poststelle@bfdi.bund.de\" style=\"transition-property: all; color: rgb(255, 255, 255);\">poststelle@bfdi.bund.de<\/a><br>Web:&nbsp;<a href=\"https:\/\/www.bfdi.bund.de\/\" target=\"_blank\" rel=\"noopener\" style=\"transition-property: all; color: rgb(255, 255, 255);\">https:\/\/www.bfdi.bund.de<\/a><\/p><\/h4>\t\t\t\t\t\t\t\t<\/div>\n\t\t\t\t<\/div>\n\t\t\t\t\t<\/div>\n\t\t<\/div>\n\t\t\t\t\t<\/div>\n\t\t<\/section>\n\t\t\t\t<\/div>\n\t\t","protected":false},"excerpt":{"rendered":"<p>ALLGEMEIN Wir freuen uns \u00fcber Ihr Interesse an unserem Unternehmen. Der Schutz Ihrer Privatsph\u00e4re bei der Nutzung dieser Webseite ist uns Wichtig. [&hellip;]<\/p>\n","protected":false},"author":1,"featured_media":0,"parent":0,"menu_order":0,"comment_status":"closed","ping_status":"closed","template":"","meta":{"footnotes":""},"class_list":["post-98","page","type-page","status-publish","hentry"],"aioseo_notices":[],"_links":{"self":[{"href":"https:\/\/pflege-nagorsen.de\/index.php\/wp-json\/wp\/v2\/pages\/98","targetHints":{"allow":["GET"]}}],"collection":[{"href":"https:\/\/pflege-nagorsen.de\/index.php\/wp-json\/wp\/v2\/pages"}],"about":[{"href":"https:\/\/pflege-nagorsen.de\/index.php\/wp-json\/wp\/v2\/types\/page"}],"author":[{"embeddable":true,"href":"https:\/\/pflege-nagorsen.de\/index.php\/wp-json\/wp\/v2\/users\/1"}],"replies":[{"embeddable":true,"href":"https:\/\/pflege-nagorsen.de\/index.php\/wp-json\/wp\/v2\/comments?post=98"}],"version-history":[{"count":7,"href":"https:\/\/pflege-nagorsen.de\/index.php\/wp-json\/wp\/v2\/pages\/98\/revisions"}],"predecessor-version":[{"id":199,"href":"https:\/\/pflege-nagorsen.de\/index.php\/wp-json\/wp\/v2\/pages\/98\/revisions\/199"}],"wp:attachment":[{"href":"https:\/\/pflege-nagorsen.de\/index.php\/wp-json\/wp\/v2\/media?parent=98"}],"curies":[{"name":"wp","href":"https:\/\/api.w.org\/{rel}","templated":true}]}}